{"id":2494,"date":"2020-12-21T11:15:37","date_gmt":"2020-12-21T09:15:37","guid":{"rendered":"https:\/\/mia.phtg.ch\/?page_id=2494"},"modified":"2022-09-01T15:21:04","modified_gmt":"2022-09-01T13:21:04","slug":"fokus-iscout","status":"publish","type":"page","link":"https:\/\/mia.phtg.ch\/?page_id=2494","title":{"rendered":"Fokus iScout"},"content":{"rendered":"\n<h1 class=\"wp-block-heading\">Fokus iScout<\/h1>\n\n\n\n<p>Unter <strong>\u00abFokus iScout\u00bb <\/strong>gew\u00e4hren uns iScouts einen Einblick in ihren Alltag. Sei es im Bezug auf den eigenen Unterricht oder spezifische T\u00e4tigkeiten, die iScouts in den einzelnen Schulgemeinden wahrnehmen. <\/p>\n\n\n\n<figure class=\"wp-block-image size-large is-resized\"><img loading=\"lazy\" decoding=\"async\" src=\"https:\/\/mia.phtg.ch\/wp-content\/uploads\/2020\/12\/FOCUS_iScout-869x1024.png\" alt=\"\" class=\"wp-image-2495\" width=\"217\" height=\"256\" srcset=\"https:\/\/mia.phtg.ch\/wp-content\/uploads\/2020\/12\/FOCUS_iScout-869x1024.png 869w, https:\/\/mia.phtg.ch\/wp-content\/uploads\/2020\/12\/FOCUS_iScout-255x300.png 255w, https:\/\/mia.phtg.ch\/wp-content\/uploads\/2020\/12\/FOCUS_iScout-768x905.png 768w, https:\/\/mia.phtg.ch\/wp-content\/uploads\/2020\/12\/FOCUS_iScout.png 1059w\" sizes=\"auto, (max-width: 217px) 100vw, 217px\" \/><\/figure>\n\n\n\n<p>Unter anderem haben die Teilnehmenden der <strong><a href=\"https:\/\/www.phtg.ch\/weiterbildung\/uebersicht\/individuelle-weiterbildung\/medien-und-informatik\/ausbildung-zum-iscout\/\" data-type=\"URL\" data-id=\"https:\/\/www.phtg.ch\/weiterbildung\/uebersicht\/individuelle-weiterbildung\/medien-und-informatik\/ausbildung-zum-iscout\/\" target=\"_blank\" rel=\"noreferrer noopener\">iScout-Ausbildung <\/a><\/strong> die Aufgabe, einen Blogbeitrag zu einem Thema ihrer Wahl zu schreiben. Die Beitr\u00e4ge sollen Einblicke in Themen geben, welche ihnen in ihrem Unterricht oder in ihrer Funktion als iScout begegnen (Unterrichtsumsetzung im Bereich M&amp;I, Weiterbildungen, Interviews mit Experten und Expertinnen, Technische Erfahrungen z.B. im Bezug zur Infrastruktur etc.).<\/p>\n\n\n\n<p>Gerne nehmen wir auch Beitr\u00e4ge von amtierenden iScouts entgegen, um eine Plattform zu schaffen um die vielf\u00e4ltigen T\u00e4tigkeiten der iScouts aufzuzeigen.<\/p>\n\n\n\n<h2 class=\"wp-block-heading\">Beitr\u00e4ge<\/h2>\n\n\n\n<p>i<strong>Scout-Ausbildung 2021\/2022<\/strong><\/p>\n\n\n\n<ul class=\"wp-block-list\"><li><strong><a href=\"https:\/\/mia.phtg.ch\/?p=4110\" data-type=\"post\" data-id=\"4110\">Reduktion der Strahlenbelastung an Schulen<\/a> <\/strong>von Timon B\u00fchler, Klassenlehrer an der Primarschule Schlatt, iScout in Diessenhofen, Basadingen-Schlattingen und Schlatt<\/li><li><strong><a rel=\"noreferrer noopener\" href=\"https:\/\/mia.phtg.ch\/?p=4032\" target=\"_blank\">Schule geht ON AIR!<\/a><\/strong> von Evelyn Schefer, Mittelstufenlehrperson und iScout an der Primarschule Pfyn<\/li><li><strong><a rel=\"noreferrer noopener\" href=\"https:\/\/mia.phtg.ch\/?p=4050\" target=\"_blank\">Mit dem App \u00abChatterPix\u00bb die Sprache und Kreativit\u00e4t f\u00f6rdern<\/a><\/strong> von Rebecca Bruggmann, Mittelstufenlehrerin und SHP an der Heilp\u00e4dagogischen Schule Mauren<\/li><li><strong><a rel=\"noreferrer noopener\" href=\"https:\/\/mia.phtg.ch\/?p=3983\" target=\"_blank\">Apps f\u00fcr die unterst\u00fctzende Kommunikation bei Kindern mit ASS<\/a><\/strong> von Fabian Fl\u00fcck, Sozialp\u00e4dagoge und iScout an der Heilp\u00e4dagogischen Schule Mauren&nbsp;<\/li><li><a rel=\"noreferrer noopener\" href=\"https:\/\/mia.phtg.ch\/?p=3948\" target=\"_blank\"><strong>Mit dem physischen Schl\u00fcsselbund auf schnellstem Wege in die Online-Lernwel<\/strong>t<\/a> von Eliane Scheiben, Primarlehrerin 1.\/2. Klasse in Felben-Wellhausen und iScout<\/li><li><strong><a rel=\"noreferrer noopener\" href=\"https:\/\/mia.phtg.ch\/?p=3627\" target=\"_blank\">Verbindlich und doch frei \u2013 der ICT-Pass als Leitplanke<\/a><\/strong> von Nadine Bollmann, Primarlehrerin in T\u00e4gerwilen, iScout seit August 2021<\/li><li><strong><a rel=\"noreferrer noopener\" href=\"https:\/\/mia.phtg.ch\/?p=3712\" target=\"_blank\">Kreative L\u00f6sungen f\u00fcr die Schule von Morgen<\/a><\/strong> von Simon Frey, Schulleitung und iScout in spe im Kanton Thurgau<\/li><li><a href=\"https:\/\/mia.phtg.ch\/?p=3624\"><strong>Der iP\u00e4dgagoge<\/strong><\/a> von Valentin Wild, IScout und  Mittelstufenlehrer und iScout an der Heilp\u00e4dagogischen Schule Mauren<\/li><li><a rel=\"noreferrer noopener\" href=\"https:\/\/mia.phtg.ch\/?p=3748\" data-type=\"post\" data-id=\"3748\" target=\"_blank\"><strong>Design Thinking in der iScout-Ausbildung<\/strong><\/a> von Dany Gradl, Berufsschullehrperson (Gast)<\/li><li><strong><a rel=\"noreferrer noopener\" href=\"https:\/\/mia.phtg.ch\/?p=3671\" data-type=\"post\" data-id=\"3671\" target=\"_blank\">Classtime &#8211; Lernzielkontrollen und digitale Pr\u00fcfungen<\/a><\/strong> von Kevin Huber, iScout und Sekundarlehrer in Steckborn<\/li><li><strong><a rel=\"noreferrer noopener\" href=\"https:\/\/mia.phtg.ch\/?p=3591\" data-type=\"post\" data-id=\"3591\" target=\"_blank\">Gather.Town &#8211; die virtuelle Arbeitsumgebung<\/a><\/strong> von Reto St\u00e4dler, iScout und Sekundarlehrer in Altnau<\/li><\/ul>\n\n\n\n<h3 class=\"wp-block-heading\">iScout-Ausbildung 2020\/2021<\/h3>\n\n\n\n<ul class=\"has-black-color has-text-color wp-block-list\"><li><a href=\"https:\/\/mia.phtg.ch\/?p=3377\" data-type=\"post\" data-id=\"3377\"><strong>Interaktiver Unterricht mit Mentimeter <\/strong><\/a>von Larissa Gloor, Primarlehrer und iScout in Kreuzlingen<\/li><li><a href=\"https:\/\/mia.phtg.ch\/?p=3226\" data-type=\"post\" data-id=\"3226\"><strong>Der perfekte Film &#8211; br<\/strong><\/a><strong><a href=\"https:\/\/mia.phtg.ch\/?p=3226\" data-type=\"post\" data-id=\"3226\">aucht es eine professionelle Videoapp?<\/a> <\/strong>von Waltraud Deplazes, iScout und Fachlehrerin, PS Frauenfeld<\/li><li><strong><a href=\"https:\/\/mia.phtg.ch\/?p=3210\" data-type=\"post\" data-id=\"3210\">Programmieren lernen mit Code.org<\/a> <\/strong>von Michael Weinhold, iScout und Primarlehrer in Frauenfeld<\/li><li><a href=\"https:\/\/mia.phtg.ch\/?p=3248\" data-type=\"post\" data-id=\"3248\"><strong>Als ich pl\u00f6tzlich keine Wandtafel mehr hatte<\/strong><\/a> von Magdalena Gisitzki, Lehrerin und iScout, PS Frauenfeld<\/li><li><strong><a href=\"https:\/\/mia.phtg.ch\/?p=3164\" data-type=\"post\" data-id=\"3164\">Mikrocomputer im Projektunterricht<\/a><\/strong> Christina Aeschlimann, Lehrperson und iScout Sekundarschule Neukirch-Egnach<\/li><li><strong><a href=\"https:\/\/mia.phtg.ch\/?p=3160\" data-type=\"post\" data-id=\"3160\">LEGO<sup>\u00ae<\/sup>\u00a0Mindstorms<sup>\u00ae<\/sup>\u00a0im Unterricht<\/a><\/strong> von Marco F\u00e4h, Klassenlehrer und iScout an der Sekundarschule Erlen<\/li><li><a href=\"https:\/\/mia.phtg.ch\/?p=2787\"><strong>H\u00f6rspiele mit Garageband<\/strong><\/a> von Michael Herrli,\u00a0Klassenlehrer und iScout an der Primarschule Bussnang-Rothenhausen<\/li><li><strong><a href=\"https:\/\/mia.phtg.ch\/?p=3045\" data-type=\"post\" data-id=\"3045\">Classcraft: Gamification im Klassenzimmer<\/a><\/strong> von Marina W\u00f6lfe, Sekundarlehrerin &amp; iScout an der VSG Diessenhofen<\/li><li><strong><a rel=\"noreferrer noopener\" href=\"https:\/\/mia.phtg.ch\/?p=2952\" data-type=\"post\" data-id=\"2952\" target=\"_blank\">Richtig googeln &#8211; Tipps und Tricks <\/a><\/strong>von Thomas Kangus, Lehrperson und iScout an der Primarschule Salmsach<\/li><li><strong><a rel=\"noreferrer noopener\" href=\"https:\/\/mia.phtg.ch\/?p=2975\" data-type=\"post\" data-id=\"2975\" target=\"_blank\">Lego WeDo 2.0<\/a><\/strong><a href=\"https:\/\/mia.phtg.ch\/?p=2975\" data-type=\"post\" data-id=\"2975\"> <\/a>von Aline St\u00e4hli, Lehrerin Primarschule Egg, VSG Sirnach<\/li><li><strong><a href=\"https:\/\/mia.phtg.ch\/?p=2928\" data-type=\"post\" data-id=\"2928\">Schulhausreportage mit iMovie<\/a><\/strong> von Lea Oswald, Primarlehrerin und iScout, Primarschule Matzingen<\/li><li><a href=\"https:\/\/mia.phtg.ch\/?p=2875\" data-type=\"post\" data-id=\"2875\"><strong>MIA Weiterbildung im Bereich Lernapps<\/strong><\/a> von Letizia Severini, iScout, Sekundarschule Egelmoos Amriswil und Nicole Grob, iScout, Sekundarschule Wigoltingen<\/li><li><a rel=\"noreferrer noopener\" href=\"https:\/\/mia.phtg.ch\/?p=2736\" target=\"_blank\"><strong>Programmieren mit Scratch in der Primarschule \u2013 so klappt es im Unterricht<\/strong> <\/a>von Miriam Widmer, Primarlehrerin Zyklus 2, Frauenfeld\u00a0<\/li><li><a rel=\"noreferrer noopener\" href=\"https:\/\/mia.phtg.ch\/?p=2682\" data-type=\"post\" data-id=\"2682\" target=\"_blank\">i<strong>Scout &#8211; damals und heute <\/strong><\/a>von Theresa Kattwinkel, Fachlehrperson Primarschule Stettfurt, iScout ab Sommer 2021<\/li><li><strong><a rel=\"noreferrer noopener\" href=\"https:\/\/mia.phtg.ch\/?p=2554\" target=\"_blank\">OneNote \u2013 Unterrichtspraxis ganz individuell<\/a><\/strong> von Marc Buchmann, Lehrperson Zyklus 2, iScout\u00a0<a href=\"https:\/\/www.schulekreuzlingen.ch\/web\/cms.php?open=SHBernegg\">Schule\u00a0<\/a><a rel=\"noreferrer noopener\" href=\"https:\/\/www.schulekreuzlingen.ch\/web\/cms.php?open=SHBernegg\" target=\"_blank\">Kreuzlingen<\/a><a href=\"https:\/\/www.schulekreuzlingen.ch\/web\/cms.php?open=SHBernegg\">\u00a0(Bernegg)<\/a><\/li><li><strong><a href=\"https:\/\/mia.phtg.ch\/?p=2364\">Interaktive Bilder erstellen mit Thinglink<\/a><\/strong> von Letizia Severini, iScout, Sekundarschule Egelmoos Amriswil und Nicole Grob, iScout, Sekundarschule Wigoltingen<\/li><\/ul>\n\n\n\n<h3 class=\"wp-block-heading\">iScout<\/h3>\n\n\n\n<ul class=\"wp-block-list\"><li><strong><a href=\"https:\/\/mia.phtg.ch\/?p=2469\">Programmieren mit Microbit \u2013 erste Erfahrungen<\/a> <\/strong>von Daniel Fleischmann, Klassenlehrer und iScout, Primarstufe in Uttwil<\/li><\/ul>\n\n\n\n<p><\/p>\n<div data-animation=\"no-animation\" data-icons-animation=\"no-animation\" data-overlay=\"\" data-change-size=\"\" data-button-size=\"0.7\" style=\"font-size:0.7em!important;display:none;\" class=\"supsystic-social-sharing supsystic-social-sharing-package-flat supsystic-social-sharing-spacing supsystic-social-sharing-content supsystic-social-sharing-content-align-left\" data-text=\"\"><a data-networks=\"[]\" class=\"social-sharing-button sharer-flat sharer-flat-1 counter-standard without-counter tooltip-icon facebook\" target=\"_blank\" title=\"auf Facebook teilen\" href=\"http:\/\/www.facebook.com\/sharer.php?u=https%3A%2F%2Fmia.phtg.ch%2F%3Fpage_id%3D2494\" data-main-href=\"http:\/\/www.facebook.com\/sharer.php?u={url}\" data-nid=\"1\" data-name=\"\" data-pid=\"1\" data-post-id=\"2494\" data-url=\"https:\/\/mia.phtg.ch\/wp-admin\/admin-ajax.php\" rel=\"nofollow\" data-mailto=\"\"><i class=\"fa-ssbs fa-ssbs-fw fa-ssbs-facebook\"><\/i><div class=\"counter-wrap standard\"><span class=\"counter\">0<\/span><\/div><\/a><a data-networks=\"[]\" class=\"social-sharing-button sharer-flat sharer-flat-1 counter-standard without-counter tooltip-icon twitter\" target=\"_blank\" title=\"auf Twitter teilen\" href=\"https:\/\/twitter.com\/share?url=https%3A%2F%2Fmia.phtg.ch%2F%3Fpage_id%3D2494&text=Fokus+iScout\" data-main-href=\"https:\/\/twitter.com\/share?url={url}&text={title}\" data-nid=\"2\" data-name=\"\" data-pid=\"1\" data-post-id=\"2494\" data-url=\"https:\/\/mia.phtg.ch\/wp-admin\/admin-ajax.php\" rel=\"nofollow\" data-mailto=\"\"><i class=\"fa-ssbs fa-ssbs-fw fa-ssbs-twitter\"><\/i><div class=\"counter-wrap standard\"><span class=\"counter\">0<\/span><\/div><\/a><a data-networks=\"[]\" class=\"social-sharing-button sharer-flat sharer-flat-1 counter-standard without-counter tooltip-icon linkedin\" target=\"_blank\" title=\"auf Linkedin teilen\" href=\"https:\/\/www.linkedin.com\/shareArticle?mini=true&title=Fokus+iScout&url=https%3A%2F%2Fmia.phtg.ch%2F%3Fpage_id%3D2494\" data-main-href=\"https:\/\/www.linkedin.com\/shareArticle?mini=true&title={title}&url={url}\" data-nid=\"13\" data-name=\"\" data-pid=\"1\" data-post-id=\"2494\" data-url=\"https:\/\/mia.phtg.ch\/wp-admin\/admin-ajax.php\" rel=\"nofollow\" data-mailto=\"\"><i class=\"fa-ssbs fa-ssbs-fw fa-ssbs-linkedin\"><\/i><div class=\"counter-wrap standard\"><span class=\"counter\">0<\/span><\/div><\/a><a data-networks=\"[]\" class=\"social-sharing-button sharer-flat sharer-flat-1 counter-standard without-counter tooltip-icon mail\" target=\"_blank\" title=\"per E-Mail teilen\" href=\"#\" data-main-href=\"#\" data-nid=\"16\" data-name=\"\" data-pid=\"1\" data-post-id=\"2494\" data-url=\"https:\/\/mia.phtg.ch\/wp-admin\/admin-ajax.php\" rel=\"nofollow\" data-mailto=\"\"><i class=\"fa-ssbs fa-ssbs-fw fa-ssbs-envelope-o\"><\/i><div class=\"counter-wrap standard\"><span class=\"counter\">0<\/span><\/div><\/a><\/div>","protected":false},"excerpt":{"rendered":"<p>Fokus iScout Unter \u00abFokus iScout\u00bb gew\u00e4hren uns iScouts einen Einblick in ihren Alltag. Sei es im Bezug auf den eigenen Unterricht oder spezifische T\u00e4tigkeiten, die&hellip;<\/p>\n<div data-animation=\"no-animation\" data-icons-animation=\"no-animation\" data-overlay=\"\" data-change-size=\"\" data-button-size=\"0.7\" style=\"font-size:0.7em!important;display:none;\" class=\"supsystic-social-sharing supsystic-social-sharing-package-flat supsystic-social-sharing-spacing supsystic-social-sharing-content supsystic-social-sharing-content-align-left\" data-text=\"\"><a data-networks=\"[]\" class=\"social-sharing-button sharer-flat sharer-flat-1 counter-standard without-counter tooltip-icon facebook\" target=\"_blank\" title=\"auf Facebook teilen\" href=\"http:\/\/www.facebook.com\/sharer.php?u=https%3A%2F%2Fmia.phtg.ch%2F%3Fpage_id%3D2494\" data-main-href=\"http:\/\/www.facebook.com\/sharer.php?u={url}\" data-nid=\"1\" data-name=\"\" data-pid=\"1\" data-post-id=\"2494\" data-url=\"https:\/\/mia.phtg.ch\/wp-admin\/admin-ajax.php\" rel=\"nofollow\" data-mailto=\"\"><i class=\"fa-ssbs fa-ssbs-fw fa-ssbs-facebook\"><\/i><div class=\"counter-wrap standard\"><span class=\"counter\">0<\/span><\/div><\/a><a data-networks=\"[]\" class=\"social-sharing-button sharer-flat sharer-flat-1 counter-standard without-counter tooltip-icon twitter\" target=\"_blank\" title=\"auf Twitter teilen\" href=\"https:\/\/twitter.com\/share?url=https%3A%2F%2Fmia.phtg.ch%2F%3Fpage_id%3D2494&text=Fokus+iScout\" data-main-href=\"https:\/\/twitter.com\/share?url={url}&text={title}\" data-nid=\"2\" data-name=\"\" data-pid=\"1\" data-post-id=\"2494\" data-url=\"https:\/\/mia.phtg.ch\/wp-admin\/admin-ajax.php\" rel=\"nofollow\" data-mailto=\"\"><i class=\"fa-ssbs fa-ssbs-fw fa-ssbs-twitter\"><\/i><div class=\"counter-wrap standard\"><span class=\"counter\">0<\/span><\/div><\/a><a data-networks=\"[]\" class=\"social-sharing-button sharer-flat sharer-flat-1 counter-standard without-counter tooltip-icon linkedin\" target=\"_blank\" title=\"auf Linkedin teilen\" href=\"https:\/\/www.linkedin.com\/shareArticle?mini=true&title=Fokus+iScout&url=https%3A%2F%2Fmia.phtg.ch%2F%3Fpage_id%3D2494\" data-main-href=\"https:\/\/www.linkedin.com\/shareArticle?mini=true&title={title}&url={url}\" data-nid=\"13\" data-name=\"\" data-pid=\"1\" data-post-id=\"2494\" data-url=\"https:\/\/mia.phtg.ch\/wp-admin\/admin-ajax.php\" rel=\"nofollow\" data-mailto=\"\"><i class=\"fa-ssbs fa-ssbs-fw fa-ssbs-linkedin\"><\/i><div class=\"counter-wrap standard\"><span class=\"counter\">0<\/span><\/div><\/a><a data-networks=\"[]\" class=\"social-sharing-button sharer-flat sharer-flat-1 counter-standard without-counter tooltip-icon mail\" target=\"_blank\" title=\"per E-Mail teilen\" href=\"#\" data-main-href=\"#\" data-nid=\"16\" data-name=\"\" data-pid=\"1\" data-post-id=\"2494\" data-url=\"https:\/\/mia.phtg.ch\/wp-admin\/admin-ajax.php\" rel=\"nofollow\" data-mailto=\"\"><i class=\"fa-ssbs fa-ssbs-fw fa-ssbs-envelope-o\"><\/i><div class=\"counter-wrap standard\"><span class=\"counter\">0<\/span><\/div><\/a><\/div>","protected":false},"author":23,"featured_media":0,"parent":0,"menu_order":0,"comment_status":"closed","ping_status":"closed","template":"","meta":{"footnotes":""},"class_list":["post-2494","page","type-page","status-publish","hentry"],"_links":{"self":[{"href":"https:\/\/mia.phtg.ch\/index.php?rest_route=\/wp\/v2\/pages\/2494","targetHints":{"allow":["GET"]}}],"collection":[{"href":"https:\/\/mia.phtg.ch\/index.php?rest_route=\/wp\/v2\/pages"}],"about":[{"href":"https:\/\/mia.phtg.ch\/index.php?rest_route=\/wp\/v2\/types\/page"}],"author":[{"embeddable":true,"href":"https:\/\/mia.phtg.ch\/index.php?rest_route=\/wp\/v2\/users\/23"}],"replies":[{"embeddable":true,"href":"https:\/\/mia.phtg.ch\/index.php?rest_route=%2Fwp%2Fv2%2Fcomments&post=2494"}],"version-history":[{"count":46,"href":"https:\/\/mia.phtg.ch\/index.php?rest_route=\/wp\/v2\/pages\/2494\/revisions"}],"predecessor-version":[{"id":4137,"href":"https:\/\/mia.phtg.ch\/index.php?rest_route=\/wp\/v2\/pages\/2494\/revisions\/4137"}],"wp:attachment":[{"href":"https:\/\/mia.phtg.ch\/index.php?rest_route=%2Fwp%2Fv2%2Fmedia&parent=2494"}],"curies":[{"name":"wp","href":"https:\/\/api.w.org\/{rel}","templated":true}]}}