{"id":80,"date":"2018-08-13T09:54:58","date_gmt":"2018-08-13T07:54:58","guid":{"rendered":"https:\/\/wp.phtg.local\/?page_id=80"},"modified":"2018-09-27T09:14:19","modified_gmt":"2018-09-27T07:14:19","slug":"impressum","status":"publish","type":"page","link":"https:\/\/mia.phtg.ch\/?page_id=80","title":{"rendered":"Impressum"},"content":{"rendered":"<div id=\"main-content\" class=\"mh-content\" role=\"main\">\n<article id=\"page-147\" class=\"post-147 page type-page status-publish hentry\">\n<div class=\"entry-content mh-clearfix\">\n<p>Verantwortlich f\u00fcr\u00a0den Inhalt<\/p>\n<p class=\"bodytext\">P\u00e4dagogische Hochschule Thurgau<\/p>\n<p class=\"bodytext\">Unterer Schulweg 3<br \/>\nPostfach<br \/>\nCH-8280 Kreuzlingen 2<\/p>\n<p>Telefon: +41 (0)71 678 56 71<br \/>\nEmail:\u00a0<a title=\"\u00d6ffnet ein Fenster zum Versenden der E-Mail\">sekretariat.mdz(at)phtg.ch<\/a><\/p>\n<h4>Disclaimer<\/h4>\n<p>Alle Texte und Links wurden sorgf\u00e4ltig gepr\u00fcft und werden laufend aktualisiert. Wir sind bem\u00fcht, richtige und vollst\u00e4ndige Informationen auf dieser Website bereitzustellen, \u00fcbernehmen aber keinerlei Verantwortung, Garantien oder Haftung daf\u00fcr, dass die durch diese Website bereitgestellten Informationen, richtig, vollst\u00e4ndig oder aktuell sind. Wir behalten uns das Recht vor, jederzeit und ohne Vorank\u00fcndigung die Informationen auf dieser Website zu \u00e4ndern und verpflichten uns auch nicht, die enthaltenen Informationen zu aktualisieren.<\/p>\n<p>Alle Links zu externen Anbietern wurden zum Zeitpunkt ihrer Aufnahme auf ihre Richtigkeit \u00fcberpr\u00fcft, dennoch haften wir nicht f\u00fcr Inhalte und Verf\u00fcgbarkeit von Websites, die mittels Hyperlinks zu erreichen sind. F\u00fcr illegale, fehlerhafte oder unvollst\u00e4ndige Inhalte und insbesondere f\u00fcr Sch\u00e4den, die durch Inhalte verkn\u00fcpfter Seiten entstehen, haftet allein der Anbieter der Seite, auf welche verwiesen wurde. Dabei ist es gleichg\u00fcltig, ob der Schaden direkter, indirekter oder finanzieller Natur ist oder ein sonstiger Schaden vorliegt, der sich aus Datenverlust, Nutzungsausfall oder anderen Gr\u00fcnden aller Art ergeben k\u00f6nnte.<\/p>\n<p>F\u00fcr die Sicherheit der Daten\u00fcbertragung im Internet k\u00f6nnen wir keine Gew\u00e4hr \u00fcbernehmen, insbesondere besteht bei der \u00dcbertragung von Daten per E-Mail die Gefahr des Zugriffs durch Dritte.<\/p>\n<p>Einer Nutzung der im Impressum ver\u00f6ffentlichten Kontaktdaten durch Dritte zu Werbezwecken wird hiermit ausdr\u00fccklich widersprochen. Der Betreiber beh\u00e4lt sich f\u00fcr den Fall unverlangt zugesandter Werbe- oder Informationsmaterialien ausdr\u00fccklich rechtliche Schritte vor.<\/p>\n<p>Sollten einzelne Regelungen oder Formulierungen dieses Haftungsausschlusses unwirksam sein oder werden, bleiben die \u00fcbrigen Regelungen in ihrem Inhalt und ihrer G\u00fcltigkeit hiervon unber\u00fchrt.<\/p>\n<\/div>\n<\/article>\n<\/div>\n<div data-animation=\"no-animation\" data-icons-animation=\"no-animation\" data-overlay=\"\" data-change-size=\"\" data-button-size=\"0.7\" style=\"font-size:0.7em!important;display:none;\" class=\"supsystic-social-sharing supsystic-social-sharing-package-flat supsystic-social-sharing-spacing supsystic-social-sharing-content supsystic-social-sharing-content-align-left\" data-text=\"\"><a data-networks=\"[]\" class=\"social-sharing-button sharer-flat sharer-flat-1 counter-standard without-counter tooltip-icon facebook\" target=\"_blank\" title=\"auf Facebook teilen\" href=\"http:\/\/www.facebook.com\/sharer.php?u=https%3A%2F%2Fmia.phtg.ch%2F%3Fpage_id%3D80\" data-main-href=\"http:\/\/www.facebook.com\/sharer.php?u={url}\" data-nid=\"1\" data-name=\"\" data-pid=\"1\" data-post-id=\"80\" data-url=\"https:\/\/mia.phtg.ch\/wp-admin\/admin-ajax.php\" rel=\"nofollow\" data-mailto=\"\"><i class=\"fa-ssbs fa-ssbs-fw fa-ssbs-facebook\"><\/i><div class=\"counter-wrap standard\"><span class=\"counter\">1<\/span><\/div><\/a><a data-networks=\"[]\" class=\"social-sharing-button sharer-flat sharer-flat-1 counter-standard without-counter tooltip-icon twitter\" target=\"_blank\" title=\"auf Twitter teilen\" href=\"https:\/\/twitter.com\/share?url=https%3A%2F%2Fmia.phtg.ch%2F%3Fpage_id%3D80&text=Impressum\" data-main-href=\"https:\/\/twitter.com\/share?url={url}&text={title}\" data-nid=\"2\" data-name=\"\" data-pid=\"1\" data-post-id=\"80\" data-url=\"https:\/\/mia.phtg.ch\/wp-admin\/admin-ajax.php\" rel=\"nofollow\" data-mailto=\"\"><i class=\"fa-ssbs fa-ssbs-fw fa-ssbs-twitter\"><\/i><div class=\"counter-wrap standard\"><span class=\"counter\">1<\/span><\/div><\/a><a data-networks=\"[]\" class=\"social-sharing-button sharer-flat sharer-flat-1 counter-standard without-counter tooltip-icon linkedin\" target=\"_blank\" title=\"auf Linkedin teilen\" href=\"https:\/\/www.linkedin.com\/shareArticle?mini=true&title=Impressum&url=https%3A%2F%2Fmia.phtg.ch%2F%3Fpage_id%3D80\" data-main-href=\"https:\/\/www.linkedin.com\/shareArticle?mini=true&title={title}&url={url}\" data-nid=\"13\" data-name=\"\" data-pid=\"1\" data-post-id=\"80\" data-url=\"https:\/\/mia.phtg.ch\/wp-admin\/admin-ajax.php\" rel=\"nofollow\" data-mailto=\"\"><i class=\"fa-ssbs fa-ssbs-fw fa-ssbs-linkedin\"><\/i><div class=\"counter-wrap standard\"><span class=\"counter\">0<\/span><\/div><\/a><a data-networks=\"[]\" class=\"social-sharing-button sharer-flat sharer-flat-1 counter-standard without-counter tooltip-icon mail\" target=\"_blank\" title=\"per E-Mail teilen\" href=\"#\" data-main-href=\"#\" data-nid=\"16\" data-name=\"\" data-pid=\"1\" data-post-id=\"80\" data-url=\"https:\/\/mia.phtg.ch\/wp-admin\/admin-ajax.php\" rel=\"nofollow\" data-mailto=\"\"><i class=\"fa-ssbs fa-ssbs-fw fa-ssbs-envelope-o\"><\/i><div class=\"counter-wrap standard\"><span class=\"counter\">0<\/span><\/div><\/a><\/div>","protected":false},"excerpt":{"rendered":"<p>Verantwortlich f\u00fcr\u00a0den Inhalt P\u00e4dagogische Hochschule Thurgau Unterer Schulweg 3 Postfach CH-8280 Kreuzlingen 2 Telefon: +41 (0)71 678 56 71 Email:\u00a0sekretariat.mdz(at)phtg.ch Disclaimer Alle Texte und Links&hellip;<\/p>\n<div data-animation=\"no-animation\" data-icons-animation=\"no-animation\" data-overlay=\"\" data-change-size=\"\" data-button-size=\"0.7\" style=\"font-size:0.7em!important;display:none;\" class=\"supsystic-social-sharing supsystic-social-sharing-package-flat supsystic-social-sharing-spacing supsystic-social-sharing-content supsystic-social-sharing-content-align-left\" data-text=\"\"><a data-networks=\"[]\" class=\"social-sharing-button sharer-flat sharer-flat-1 counter-standard without-counter tooltip-icon facebook\" target=\"_blank\" title=\"auf Facebook teilen\" href=\"http:\/\/www.facebook.com\/sharer.php?u=https%3A%2F%2Fmia.phtg.ch%2F%3Fpage_id%3D80\" data-main-href=\"http:\/\/www.facebook.com\/sharer.php?u={url}\" data-nid=\"1\" data-name=\"\" data-pid=\"1\" data-post-id=\"80\" data-url=\"https:\/\/mia.phtg.ch\/wp-admin\/admin-ajax.php\" rel=\"nofollow\" data-mailto=\"\"><i class=\"fa-ssbs fa-ssbs-fw fa-ssbs-facebook\"><\/i><div class=\"counter-wrap standard\"><span class=\"counter\">1<\/span><\/div><\/a><a data-networks=\"[]\" class=\"social-sharing-button sharer-flat sharer-flat-1 counter-standard without-counter tooltip-icon twitter\" target=\"_blank\" title=\"auf Twitter teilen\" href=\"https:\/\/twitter.com\/share?url=https%3A%2F%2Fmia.phtg.ch%2F%3Fpage_id%3D80&text=Impressum\" data-main-href=\"https:\/\/twitter.com\/share?url={url}&text={title}\" data-nid=\"2\" data-name=\"\" data-pid=\"1\" data-post-id=\"80\" data-url=\"https:\/\/mia.phtg.ch\/wp-admin\/admin-ajax.php\" rel=\"nofollow\" data-mailto=\"\"><i class=\"fa-ssbs fa-ssbs-fw fa-ssbs-twitter\"><\/i><div class=\"counter-wrap standard\"><span class=\"counter\">1<\/span><\/div><\/a><a data-networks=\"[]\" class=\"social-sharing-button sharer-flat sharer-flat-1 counter-standard without-counter tooltip-icon linkedin\" target=\"_blank\" title=\"auf Linkedin teilen\" href=\"https:\/\/www.linkedin.com\/shareArticle?mini=true&title=Impressum&url=https%3A%2F%2Fmia.phtg.ch%2F%3Fpage_id%3D80\" data-main-href=\"https:\/\/www.linkedin.com\/shareArticle?mini=true&title={title}&url={url}\" data-nid=\"13\" data-name=\"\" data-pid=\"1\" data-post-id=\"80\" data-url=\"https:\/\/mia.phtg.ch\/wp-admin\/admin-ajax.php\" rel=\"nofollow\" data-mailto=\"\"><i class=\"fa-ssbs fa-ssbs-fw fa-ssbs-linkedin\"><\/i><div class=\"counter-wrap standard\"><span class=\"counter\">0<\/span><\/div><\/a><a data-networks=\"[]\" class=\"social-sharing-button sharer-flat sharer-flat-1 counter-standard without-counter tooltip-icon mail\" target=\"_blank\" title=\"per E-Mail teilen\" href=\"#\" data-main-href=\"#\" data-nid=\"16\" data-name=\"\" data-pid=\"1\" data-post-id=\"80\" data-url=\"https:\/\/mia.phtg.ch\/wp-admin\/admin-ajax.php\" rel=\"nofollow\" data-mailto=\"\"><i class=\"fa-ssbs fa-ssbs-fw fa-ssbs-envelope-o\"><\/i><div class=\"counter-wrap standard\"><span class=\"counter\">0<\/span><\/div><\/a><\/div>","protected":false},"author":1,"featured_media":0,"parent":0,"menu_order":0,"comment_status":"closed","ping_status":"closed","template":"","meta":{"footnotes":""},"class_list":["post-80","page","type-page","status-publish","hentry"],"_links":{"self":[{"href":"https:\/\/mia.phtg.ch\/index.php?rest_route=\/wp\/v2\/pages\/80","targetHints":{"allow":["GET"]}}],"collection":[{"href":"https:\/\/mia.phtg.ch\/index.php?rest_route=\/wp\/v2\/pages"}],"about":[{"href":"https:\/\/mia.phtg.ch\/index.php?rest_route=\/wp\/v2\/types\/page"}],"author":[{"embeddable":true,"href":"https:\/\/mia.phtg.ch\/index.php?rest_route=\/wp\/v2\/users\/1"}],"replies":[{"embeddable":true,"href":"https:\/\/mia.phtg.ch\/index.php?rest_route=%2Fwp%2Fv2%2Fcomments&post=80"}],"version-history":[{"count":7,"href":"https:\/\/mia.phtg.ch\/index.php?rest_route=\/wp\/v2\/pages\/80\/revisions"}],"predecessor-version":[{"id":237,"href":"https:\/\/mia.phtg.ch\/index.php?rest_route=\/wp\/v2\/pages\/80\/revisions\/237"}],"wp:attachment":[{"href":"https:\/\/mia.phtg.ch\/index.php?rest_route=%2Fwp%2Fv2%2Fmedia&parent=80"}],"curies":[{"name":"wp","href":"https:\/\/api.w.org\/{rel}","templated":true}]}}